{"id":17,"date":"2025-03-25T21:04:29","date_gmt":"2025-03-25T21:04:29","guid":{"rendered":"https:\/\/www.4livinghome.com\/?page_id=17"},"modified":"2025-05-09T11:52:52","modified_gmt":"2025-05-09T11:52:52","slug":"newsletter","status":"publish","type":"page","link":"https:\/\/www.4livinghome.com\/index.php\/newsletter\/","title":{"rendered":"Newsletter"},"content":{"rendered":"\t\t<div data-elementor-type=\"wp-page\" data-elementor-id=\"17\" class=\"elementor elementor-17\">\n\t\t\t\t<div class=\"elementor-element elementor-element-c658220 e-con-full e-flex e-con e-parent\" data-id=\"c658220\" data-element_type=\"container\" data-e-type=\"container\">\n\t\t\t\t<div class=\"elementor-element elementor-element-9b5c38c elementor-align-center subtitle-position-below elementor-widget elementor-widget-hnice-heading\" data-id=\"9b5c38c\" data-element_type=\"widget\" data-e-type=\"widget\" data-widget_type=\"hnice-heading.default\">\n\t\t\t\t<div class=\"elementor-widget-container\">\n\t\t\t\t\t<div class=\"elementor-heading-wrapper-inner\"><h2 class=\"elementor-heading-title elementor-size-default\">Newsletter\u200b<\/h2><div class=\"elementor-sub-title\">Zapisz si\u0119 do naszego newslettera<br>\n\nB\u0105d\u017a na bie\u017c\u0105co z nowo\u015bciami, inspiracjami i promocjami!<\/div><\/div>\t\t\t\t<\/div>\n\t\t\t\t<\/div>\n\t\t\t\t<\/div>\n\t\t<div class=\"elementor-element elementor-element-db220df e-con-full e-flex e-con e-parent\" data-id=\"db220df\" data-element_type=\"container\" data-e-type=\"container\" data-settings=\"{&quot;background_background&quot;:&quot;classic&quot;}\">\n\t\t<div class=\"elementor-element elementor-element-be0959f e-con-full e-flex e-con e-child\" data-id=\"be0959f\" data-element_type=\"container\" data-e-type=\"container\">\n\t\t\t\t<div class=\"elementor-element elementor-element-bc0295b elementor-widget elementor-widget-image\" data-id=\"bc0295b\" data-element_type=\"widget\" data-e-type=\"widget\" data-widget_type=\"image.default\">\n\t\t\t\t<div class=\"elementor-widget-container\">\n\t\t\t\t\t\t\t\t\t\t\t\t\t\t\t<img fetchpriority=\"high\" decoding=\"async\" width=\"980\" height=\"613\" src=\"https:\/\/www.4livinghome.com\/wp-content\/uploads\/2025\/03\/Projekt-bez-nazwy-1-1024x640.jpg\" class=\"attachment-large size-large wp-image-22889\" alt=\"\" srcset=\"https:\/\/www.4livinghome.com\/wp-content\/uploads\/2025\/03\/Projekt-bez-nazwy-1-1024x640.jpg 1024w, https:\/\/www.4livinghome.com\/wp-content\/uploads\/2025\/03\/Projekt-bez-nazwy-1-800x500.jpg 800w, https:\/\/www.4livinghome.com\/wp-content\/uploads\/2025\/03\/Projekt-bez-nazwy-1-300x187.jpg 300w, https:\/\/www.4livinghome.com\/wp-content\/uploads\/2025\/03\/Projekt-bez-nazwy-1-768x480.jpg 768w, https:\/\/www.4livinghome.com\/wp-content\/uploads\/2025\/03\/Projekt-bez-nazwy-1-1536x960.jpg 1536w, https:\/\/www.4livinghome.com\/wp-content\/uploads\/2025\/03\/Projekt-bez-nazwy-1-2048x1280.jpg 2048w, https:\/\/www.4livinghome.com\/wp-content\/uploads\/2025\/03\/Projekt-bez-nazwy-1.jpg 1600w\" sizes=\"(max-width: 980px) 100vw, 980px\" \/>\t\t\t\t\t\t\t\t\t\t\t\t\t\t\t<\/div>\n\t\t\t\t<\/div>\n\t\t\t\t<\/div>\n\t\t<div class=\"elementor-element elementor-element-c7e3837 e-con-full e-flex e-con e-child\" data-id=\"c7e3837\" data-element_type=\"container\" data-e-type=\"container\">\n\t\t\t\t<div class=\"elementor-element elementor-element-d521309 elementor-widget elementor-widget-text-editor\" data-id=\"d521309\" data-element_type=\"widget\" data-e-type=\"widget\" data-widget_type=\"text-editor.default\">\n\t\t\t\t<div class=\"elementor-widget-container\">\n\t\t\t\t\t\t\t\t\t<p>Zapisuj\u0105c si\u0119 do naszego newslettera, jako pierwszy dowiesz si\u0119 o premierach nowych kolekcji, limitowanych edycjach mebli oraz ekskluzywnych rabatach dost\u0119pnych tylko dla subskrybent\u00f3w. Dzielimy si\u0119 tak\u017ce praktycznymi poradami aran\u017cacyjnymi i inspiracjami prosto od projektant\u00f3w.<\/p><p><strong>Zyskaj wi\u0119cej:<\/strong><\/p><ul><li><p>Ekskluzywne oferty i promocje tylko dla subskrybent\u00f3w<\/p><\/li><li><p>Najnowsze trendy i inspiracje wn\u0119trzarskie<\/p><\/li><li><p>Informacje o wydarzeniach i premierach produkt\u00f3w<\/p><\/li><\/ul><p>Do\u0142\u0105cz do grona mi\u0142o\u015bnik\u00f3w pi\u0119knych i funkcjonalnych wn\u0119trz.<\/p><p>Zapisz si\u0119 ju\u017c dzi\u015b i odkryj meble tworzone z pasj\u0105!<\/p>\t\t\t\t\t\t\t\t<\/div>\n\t\t\t\t<\/div>\n\t\t\t\t<\/div>\n\t\t\t\t<\/div>\n\t\t<div class=\"elementor-element elementor-element-4fb0309 e-flex e-con-boxed e-con e-parent\" data-id=\"4fb0309\" data-element_type=\"container\" data-e-type=\"container\">\n\t\t\t\t\t<div class=\"e-con-inner\">\n\t\t\t\t<div class=\"elementor-element elementor-element-37b1868 elementor-widget-divider--view-line elementor-widget elementor-widget-divider\" data-id=\"37b1868\" data-element_type=\"widget\" data-e-type=\"widget\" data-widget_type=\"divider.default\">\n\t\t\t\t<div class=\"elementor-widget-container\">\n\t\t\t\t\t\t\t<div class=\"elementor-divider\">\n\t\t\t<span class=\"elementor-divider-separator\">\n\t\t\t\t\t\t<\/span>\n\t\t<\/div>\n\t\t\t\t\t\t<\/div>\n\t\t\t\t<\/div>\n\t\t\t\t<div class=\"elementor-element elementor-element-c7a8d35 elementor-widget elementor-widget-heading\" data-id=\"c7a8d35\" data-element_type=\"widget\" data-e-type=\"widget\" data-widget_type=\"heading.default\">\n\t\t\t\t<div class=\"elementor-widget-container\">\n\t\t\t\t\t<h4 class=\"elementor-heading-title elementor-size-default\">Zapisz si\u0119<\/h4>\t\t\t\t<\/div>\n\t\t\t\t<\/div>\n\t\t\t\t<div class=\"elementor-element elementor-element-ab9fbf6 elementor-widget elementor-widget-shortcode\" data-id=\"ab9fbf6\" data-element_type=\"widget\" data-e-type=\"widget\" data-widget_type=\"shortcode.default\">\n\t\t\t\t<div class=\"elementor-widget-container\">\n\t\t\t\t\t\t\t<div class=\"elementor-shortcode\"><div class=\"forminator-ui forminator-custom-form forminator-custom-form-23336 forminator-design--material  forminator_ajax\" data-forminator-render=\"1\" data-form=\"forminator-module-23336\" data-uid=\"69e733ffbef08\"><br\/><\/div><form\n\t\t\t\tid=\"forminator-module-23336\"\n\t\t\t\tclass=\"forminator-ui forminator-custom-form forminator-custom-form-23336 forminator-design--material  forminator_ajax\"\n\t\t\t\tmethod=\"post\"\n\t\t\t\tdata-forminator-render=\"1\"\n\t\t\t\tdata-form-id=\"23336\"\n\t\t\t\t data-color-option=\"theme\" data-design=\"material\" data-grid=\"open\" style=\"display: none;\"\n\t\t\t\tdata-uid=\"69e733ffbef08\"\n\t\t\t><div role=\"alert\" aria-live=\"polite\" class=\"forminator-response-message forminator-error\" aria-hidden=\"true\"><\/div><div class=\"forminator-row\"><div id=\"name-1\" class=\"forminator-field-name forminator-col forminator-col-12 \"><div class=\"forminator-field\"><label for=\"forminator-field-name-1_69e733ffbef08\" id=\"forminator-field-name-1_69e733ffbef08-label\" class=\"forminator-label\">Imi\u0119 i Nazwisko <span class=\"forminator-required\">*<\/span><\/label><input type=\"text\" name=\"name-1\" value=\"\" placeholder=\"Na przyk\u0142ad: Jan Kowalski\" id=\"forminator-field-name-1_69e733ffbef08\" class=\"forminator-input forminator-name--field\" aria-required=\"true\" autocomplete=\"name\" \/><\/div><\/div><\/div><div class=\"forminator-row\"><div id=\"email-1\" class=\"forminator-field-email forminator-col forminator-col-12 \"><div class=\"forminator-field\"><label for=\"forminator-field-email-1_69e733ffbef08\" id=\"forminator-field-email-1_69e733ffbef08-label\" class=\"forminator-label\">Adres e-mail <span class=\"forminator-required\">*<\/span><\/label><input type=\"email\" name=\"email-1\" value=\"\" placeholder=\"Na przyk\u0142ad: jan@kowalski.com\" id=\"forminator-field-email-1_69e733ffbef08\" class=\"forminator-input forminator-email--field\" data-required=\"true\" aria-required=\"true\" autocomplete=\"email\" \/><\/div><\/div><\/div><input type=\"hidden\" name=\"referer_url\" value=\"\" \/><div class=\"forminator-row forminator-row-last\"><div class=\"forminator-col\"><div class=\"forminator-field\"><button class=\"forminator-button forminator-button-submit\"><span>Subskrybuj<\/span><span aria-hidden=\"true\"><\/span><\/button><\/div><\/div><\/div><input type=\"hidden\" id=\"forminator_nonce\" name=\"forminator_nonce\" value=\"2a9ac90d7f\" \/><input type=\"hidden\" name=\"_wp_http_referer\" value=\"\/index.php\/wp-json\/wp\/v2\/pages\/17\" \/><input type=\"hidden\" name=\"form_id\" value=\"23336\"><input type=\"hidden\" name=\"page_id\" value=\"17\"><input type=\"hidden\" name=\"form_type\" value=\"default\"><input type=\"hidden\" name=\"current_url\" value=\"https:\/\/www.4livinghome.com\/index.php\/newsletter\/\"><input type=\"hidden\" name=\"render_id\" value=\"1\"><input type=\"hidden\" name=\"action\" value=\"forminator_submit_form_custom-forms\"><\/form><\/div>\n\t\t\t\t\t\t<\/div>\n\t\t\t\t<\/div>\n\t\t\t\t\t<\/div>\n\t\t\t\t<\/div>\n\t\t\t\t<\/div>\n\t\t","protected":false},"excerpt":{"rendered":"<p>Newsletter\u200b Zapisz si\u0119 do naszego newslettera B\u0105d\u017a na bie\u017c\u0105co z nowo\u015bciami, inspiracjami i promocjami! Zapisuj\u0105c si\u0119 do naszego newslettera, jako pierwszy dowiesz si\u0119 o premierach nowych kolekcji, limitowanych edycjach mebli oraz ekskluzywnych rabatach dost\u0119pnych tylko dla subskrybent\u00f3w. Dzielimy si\u0119 tak\u017ce praktycznymi poradami aran\u017cacyjnymi i inspiracjami prosto od projektant\u00f3w. Zyskaj wi\u0119cej: Ekskluzywne oferty i promocje tylko [&hellip;]<\/p>\n","protected":false},"author":1,"featured_media":0,"parent":0,"menu_order":0,"comment_status":"closed","ping_status":"closed","template":"","meta":{"inline_featured_image":false,"footnotes":""},"class_list":["post-17","page","type-page","status-publish","hentry"],"jetpack_sharing_enabled":true,"_links":{"self":[{"href":"https:\/\/www.4livinghome.com\/index.php\/wp-json\/wp\/v2\/pages\/17","targetHints":{"allow":["GET"]}}],"collection":[{"href":"https:\/\/www.4livinghome.com\/index.php\/wp-json\/wp\/v2\/pages"}],"about":[{"href":"https:\/\/www.4livinghome.com\/index.php\/wp-json\/wp\/v2\/types\/page"}],"author":[{"embeddable":true,"href":"https:\/\/www.4livinghome.com\/index.php\/wp-json\/wp\/v2\/users\/1"}],"replies":[{"embeddable":true,"href":"https:\/\/www.4livinghome.com\/index.php\/wp-json\/wp\/v2\/comments?post=17"}],"version-history":[{"count":119,"href":"https:\/\/www.4livinghome.com\/index.php\/wp-json\/wp\/v2\/pages\/17\/revisions"}],"predecessor-version":[{"id":23352,"href":"https:\/\/www.4livinghome.com\/index.php\/wp-json\/wp\/v2\/pages\/17\/revisions\/23352"}],"wp:attachment":[{"href":"https:\/\/www.4livinghome.com\/index.php\/wp-json\/wp\/v2\/media?parent=17"}],"curies":[{"name":"wp","href":"https:\/\/api.w.org\/{rel}","templated":true}]}}