{"id":20816,"date":"2025-02-24T22:32:02","date_gmt":"2025-02-24T22:32:02","guid":{"rendered":"https:\/\/www.4livinghome.com\/?page_id=20816"},"modified":"2026-02-24T13:01:20","modified_gmt":"2026-02-24T13:01:20","slug":"dostawa","status":"publish","type":"page","link":"https:\/\/www.4livinghome.com\/index.php\/dostawa\/","title":{"rendered":"Dostawa"},"content":{"rendered":"\t\t<div data-elementor-type=\"wp-page\" data-elementor-id=\"20816\" class=\"elementor elementor-20816\">\n\t\t\t\t<div class=\"elementor-element elementor-element-161dd61 e-flex e-con-boxed e-con e-parent\" data-id=\"161dd61\" data-element_type=\"container\" data-e-type=\"container\">\n\t\t\t\t\t<div class=\"e-con-inner\">\n\t\t<div class=\"elementor-element elementor-element-4091139 e-con-full e-flex e-con e-child\" data-id=\"4091139\" data-element_type=\"container\" data-e-type=\"container\" data-settings=\"{&quot;background_background&quot;:&quot;slideshow&quot;,&quot;background_slideshow_gallery&quot;:[{&quot;id&quot;:22043,&quot;url&quot;:&quot;https:\\\/\\\/www.4livinghome.com\\\/wp-content\\\/uploads\\\/2025\\\/03\\\/DOSTAWA.jpg&quot;}],&quot;background_slideshow_loop&quot;:&quot;yes&quot;,&quot;background_slideshow_slide_duration&quot;:5000,&quot;background_slideshow_slide_transition&quot;:&quot;fade&quot;,&quot;background_slideshow_transition_duration&quot;:500}\">\n\t\t\t\t<\/div>\n\t\t<div class=\"elementor-element elementor-element-404c921 e-con-full e-flex e-con e-child\" data-id=\"404c921\" data-element_type=\"container\" data-e-type=\"container\">\n\t\t\t\t<div class=\"elementor-element elementor-element-bdb8617 subtitle-position-below elementor-widget elementor-widget-hnice-heading\" data-id=\"bdb8617\" data-element_type=\"widget\" data-e-type=\"widget\" data-widget_type=\"hnice-heading.default\">\n\t\t\t\t<div class=\"elementor-widget-container\">\n\t\t\t\t\t<div class=\"elementor-heading-wrapper-inner\"><h2 class=\"elementor-heading-title elementor-size-default\">Koszty wysy\u0142ki? <\/h2><div class=\"elementor-sub-title\">Zawsze 0 z\u0142 \u2013 niezale\u017cnie od warto\u015bci zam\u00f3wienia.<\/div><\/div>\t\t\t\t<\/div>\n\t\t\t\t<\/div>\n\t\t\t\t<div class=\"elementor-element elementor-element-3e44610 elementor-widget elementor-widget-text-editor\" data-id=\"3e44610\" data-element_type=\"widget\" data-e-type=\"widget\" data-widget_type=\"text-editor.default\">\n\t\t\t\t<div class=\"elementor-widget-container\">\n\t\t\t\t\t\t\t\t\t<p>Wszystkie meble dostarczane s\u0105 w <strong>ca\u0142o\u015bci, zmontowane i odpowiednio zabezpieczone<\/strong> \u2013 transportowane na palecie. Dzi\u0119ki temu masz pewno\u015b\u0107, \u017ce dotr\u0105 do Ciebie w idealnym stanie, gotowe do ustawienia.<br \/>Dostarczymy Twoje zam\u00f3wienie bezp\u0142atnie, pod pierwsze drzwi \u2013 domu, budynku lub rezydencji.<\/p><p>Szacowany termin dostawy zale\u017cy od dost\u0119pno\u015bci produkt\u00f3w oraz adresu dor\u0119czenia. Przybli\u017cony czas realizacji znajdziesz na stronie ka\u017cdego produktu, bezpo\u015brednio pod jego nazw\u0105. Dok\u0142adny termin zostanie potwierdzony po z\u0142o\u017ceniu zam\u00f3wienia.<\/p><p>Dostawa odbywa si\u0119 w dni robocze, od poniedzia\u0142ku do pi\u0105tku, realizowana jest przez firm\u0119 kuriersk\u0105 ROHLIG SUUS Logistics.<\/p><p><strong>Pami\u0119taj:<\/strong> Po otrzymaniu przesy\u0142ki prosimy o jej sprawdzenie w obecno\u015bci kuriera. W przypadku uszkodzenia nale\u017cy sporz\u0105dzi\u0107 protok\u00f3\u0142 szkody, kt\u00f3ry jest niezb\u0119dny do rozpatrzenia reklamacji. Przy zam\u00f3wieniu wi\u0119kszej ilo\u015bci ni\u017c 1 sztuka prosimy o sprawdzenie ilo\u015bci paczek oraz zgodno\u015bci z zam\u00f3wieniem.<\/p><p><strong>Odbi\u00f3r osobisty<\/strong><\/p><p>Preferujesz odebra\u0107 zam\u00f3wienie osobi\u015bcie?<\/p><p>Zapraszamy do naszej siedziby \u2013 po wcze\u015bniejszym uzgodnieniu terminu przygotujemy Twoje zam\u00f3wienie do odbioru.<br \/>Odbi\u00f3r osobisty mo\u017cliwy jest od poniedzia\u0142ku do pi\u0105tku w godzinach 8:00-14:00 w naszej fabryce <strong>LIVINGHOME<\/strong><br \/><strong>Cie\u015ble 58, 56-400 Ole\u015bnica, woj. dolno\u015bl\u0105skie.<\/strong><\/p>\t\t\t\t\t\t\t\t<\/div>\n\t\t\t\t<\/div>\n\t\t\t\t<\/div>\n\t\t\t\t\t<\/div>\n\t\t\t\t<\/div>\n\t\t\t\t<\/div>\n\t\t","protected":false},"excerpt":{"rendered":"<p>Koszty wysy\u0142ki? Zawsze 0 z\u0142 \u2013 niezale\u017cnie od warto\u015bci zam\u00f3wienia. Wszystkie meble dostarczane s\u0105 w ca\u0142o\u015bci, zmontowane i odpowiednio zabezpieczone \u2013 transportowane na palecie. Dzi\u0119ki temu masz pewno\u015b\u0107, \u017ce dotr\u0105 do Ciebie w idealnym stanie, gotowe do ustawienia.Dostarczymy Twoje zam\u00f3wienie bezp\u0142atnie, pod pierwsze drzwi \u2013 domu, budynku lub rezydencji. Szacowany termin dostawy zale\u017cy od dost\u0119pno\u015bci [&hellip;]<\/p>\n","protected":false},"author":1,"featured_media":0,"parent":0,"menu_order":0,"comment_status":"closed","ping_status":"closed","template":"","meta":{"inline_featured_image":false,"footnotes":""},"class_list":["post-20816","page","type-page","status-publish","hentry"],"jetpack_sharing_enabled":true,"_links":{"self":[{"href":"https:\/\/www.4livinghome.com\/index.php\/wp-json\/wp\/v2\/pages\/20816","targetHints":{"allow":["GET"]}}],"collection":[{"href":"https:\/\/www.4livinghome.com\/index.php\/wp-json\/wp\/v2\/pages"}],"about":[{"href":"https:\/\/www.4livinghome.com\/index.php\/wp-json\/wp\/v2\/types\/page"}],"author":[{"embeddable":true,"href":"https:\/\/www.4livinghome.com\/index.php\/wp-json\/wp\/v2\/users\/1"}],"replies":[{"embeddable":true,"href":"https:\/\/www.4livinghome.com\/index.php\/wp-json\/wp\/v2\/comments?post=20816"}],"version-history":[{"count":52,"href":"https:\/\/www.4livinghome.com\/index.php\/wp-json\/wp\/v2\/pages\/20816\/revisions"}],"predecessor-version":[{"id":24209,"href":"https:\/\/www.4livinghome.com\/index.php\/wp-json\/wp\/v2\/pages\/20816\/revisions\/24209"}],"wp:attachment":[{"href":"https:\/\/www.4livinghome.com\/index.php\/wp-json\/wp\/v2\/media?parent=20816"}],"curies":[{"name":"wp","href":"https:\/\/api.w.org\/{rel}","templated":true}]}}