{"id":21858,"date":"2025-03-21T23:34:12","date_gmt":"2025-03-21T23:34:12","guid":{"rendered":"https:\/\/www.4livinghome.com\/?page_id=21858"},"modified":"2026-03-03T06:54:22","modified_gmt":"2026-03-03T06:54:22","slug":"dla-architektow","status":"publish","type":"page","link":"https:\/\/www.4livinghome.com\/index.php\/dla-architektow\/","title":{"rendered":"Dla architekt\u00f3w"},"content":{"rendered":"\t\t<div data-elementor-type=\"wp-page\" data-elementor-id=\"21858\" class=\"elementor elementor-21858\">\n\t\t\t\t<div class=\"elementor-element elementor-element-56844ce e-con-full e-flex e-con e-parent\" data-id=\"56844ce\" data-element_type=\"container\" data-e-type=\"container\">\n\t\t<div class=\"elementor-element elementor-element-8103eb5 e-con-full e-flex e-con e-child\" data-id=\"8103eb5\" data-element_type=\"container\" data-e-type=\"container\" data-settings=\"{&quot;background_background&quot;:&quot;classic&quot;}\">\n\t\t\t\t<\/div>\n\t\t<div class=\"elementor-element elementor-element-c62fd9f e-con-full e-flex e-con e-child\" data-id=\"c62fd9f\" data-element_type=\"container\" data-e-type=\"container\">\n\t\t\t\t<div class=\"elementor-element elementor-element-cf643db elementor-mobile-align-center subtitle-position-below elementor-widget elementor-widget-hnice-heading\" data-id=\"cf643db\" data-element_type=\"widget\" data-e-type=\"widget\" data-widget_type=\"hnice-heading.default\">\n\t\t\t\t<div class=\"elementor-widget-container\">\n\t\t\t\t\t<div class=\"elementor-heading-wrapper-inner\"><h2 class=\"elementor-heading-title elementor-size-default\">Wspieramy projektant\u00f3w<\/h2><\/div>\t\t\t\t<\/div>\n\t\t\t\t<\/div>\n\t\t\t\t<div class=\"elementor-element elementor-element-25d7413 elementor-widget elementor-widget-text-editor\" data-id=\"25d7413\" data-element_type=\"widget\" data-e-type=\"widget\" data-widget_type=\"text-editor.default\">\n\t\t\t\t<div class=\"elementor-widget-container\">\n\t\t\t\t\t\t\t\t\t<p>Wspieramy projektant\u00f3w wn\u0119trz w tworzeniu pi\u0119knych i funkcjonalnych przestrzeni.<\/p><p>Do\u0142\u0105cz do programu partnerskiego LIVINGHOME i zyskaj dost\u0119p do narz\u0119dzi oraz produkt\u00f3w, kt\u00f3re u\u0142atwi\u0105 Ci dopasowanie projektu do oczekiwa\u0144 Twoich klient\u00f3w.<\/p><p>Wsp\u00f3lnie zaprojektujmy przestrzenie, kt\u00f3re zachwyc\u0105 Twoich klient\u00f3w estetyk\u0105, komfortem i jako\u015bci\u0105 wykonania.<\/p><p>Wype\u0142nij formularz, a skontaktujemy si\u0119 z Tob\u0105 i prze\u015blemy niezb\u0119dne informacje oraz bry\u0142y 3D na potrzeby Twoich projekt\u00f3w.<\/p>\t\t\t\t\t\t\t\t<\/div>\n\t\t\t\t<\/div>\n\t\t\t\t<div class=\"elementor-element elementor-element-86413df elementor-widget elementor-widget-shortcode\" data-id=\"86413df\" data-element_type=\"widget\" data-e-type=\"widget\" data-widget_type=\"shortcode.default\">\n\t\t\t\t<div class=\"elementor-widget-container\">\n\t\t\t\t\t\t\t<div class=\"elementor-shortcode\"><div class=\"forminator-ui forminator-custom-form forminator-custom-form-23343 forminator-design--material  forminator_ajax\" data-forminator-render=\"1\" data-form=\"forminator-module-23343\" data-uid=\"69e734389ad1a\"><br\/><\/div><form\n\t\t\t\tid=\"forminator-module-23343\"\n\t\t\t\tclass=\"forminator-ui forminator-custom-form forminator-custom-form-23343 forminator-design--material  forminator_ajax\"\n\t\t\t\tmethod=\"post\"\n\t\t\t\tdata-forminator-render=\"1\"\n\t\t\t\tdata-form-id=\"23343\"\n\t\t\t\t data-color-option=\"theme\" data-design=\"material\" data-grid=\"open\" style=\"display: none;\"\n\t\t\t\tdata-uid=\"69e734389ad1a\"\n\t\t\t><div role=\"alert\" aria-live=\"polite\" class=\"forminator-response-message forminator-error\" aria-hidden=\"true\"><\/div><div class=\"forminator-row\"><div id=\"name-1\" class=\"forminator-field-name forminator-col forminator-col-12 \"><div class=\"forminator-field\"><label for=\"forminator-field-name-1_69e734389ad1a\" id=\"forminator-field-name-1_69e734389ad1a-label\" class=\"forminator-label\">Imi\u0119 i Nazwisko <span class=\"forminator-required\">*<\/span><\/label><input type=\"text\" name=\"name-1\" value=\"\" placeholder=\"Na przyk\u0142ad: Jan Kowalski\" id=\"forminator-field-name-1_69e734389ad1a\" class=\"forminator-input forminator-name--field\" aria-required=\"true\" autocomplete=\"name\" \/><\/div><\/div><\/div><div class=\"forminator-row\"><div id=\"email-1\" class=\"forminator-field-email forminator-col forminator-col-12 \"><div class=\"forminator-field\"><label for=\"forminator-field-email-1_69e734389ad1a\" id=\"forminator-field-email-1_69e734389ad1a-label\" class=\"forminator-label\">Adres e-mail <span class=\"forminator-required\">*<\/span><\/label><input type=\"email\" name=\"email-1\" value=\"\" placeholder=\"Na przyk\u0142ad: jan@kowalski.com\" id=\"forminator-field-email-1_69e734389ad1a\" class=\"forminator-input forminator-email--field\" data-required=\"true\" aria-required=\"true\" autocomplete=\"email\" \/><\/div><\/div><\/div><input type=\"hidden\" name=\"referer_url\" value=\"\" \/><div class=\"forminator-row forminator-row-last\"><div class=\"forminator-col\"><div class=\"forminator-field\"><button class=\"forminator-button forminator-button-submit\"><span>Subskrybuj<\/span><span aria-hidden=\"true\"><\/span><\/button><\/div><\/div><\/div><input type=\"hidden\" id=\"forminator_nonce\" name=\"forminator_nonce\" value=\"dabad4b4ca\" \/><input type=\"hidden\" name=\"_wp_http_referer\" value=\"\/index.php\/wp-json\/wp\/v2\/pages\/21858\" \/><input type=\"hidden\" name=\"form_id\" value=\"23343\"><input type=\"hidden\" name=\"page_id\" value=\"21858\"><input type=\"hidden\" name=\"form_type\" value=\"default\"><input type=\"hidden\" name=\"current_url\" value=\"https:\/\/www.4livinghome.com\/index.php\/dla-architektow\/\"><input type=\"hidden\" name=\"render_id\" value=\"1\"><input type=\"hidden\" name=\"action\" value=\"forminator_submit_form_custom-forms\"><\/form><\/div>\n\t\t\t\t\t\t<\/div>\n\t\t\t\t<\/div>\n\t\t\t\t<\/div>\n\t\t\t\t<\/div>\n\t\t\t\t<\/div>\n\t\t","protected":false},"excerpt":{"rendered":"<p>Wspieramy projektant\u00f3w Wspieramy projektant\u00f3w wn\u0119trz w tworzeniu pi\u0119knych i funkcjonalnych przestrzeni. Do\u0142\u0105cz do programu partnerskiego LIVINGHOME i zyskaj dost\u0119p do narz\u0119dzi oraz produkt\u00f3w, kt\u00f3re u\u0142atwi\u0105 Ci dopasowanie projektu do oczekiwa\u0144 Twoich klient\u00f3w. Wsp\u00f3lnie zaprojektujmy przestrzenie, kt\u00f3re zachwyc\u0105 Twoich klient\u00f3w estetyk\u0105, komfortem i jako\u015bci\u0105 wykonania. Wype\u0142nij formularz, a skontaktujemy si\u0119 z Tob\u0105 i prze\u015blemy niezb\u0119dne informacje [&hellip;]<\/p>\n","protected":false},"author":1,"featured_media":0,"parent":0,"menu_order":0,"comment_status":"closed","ping_status":"closed","template":"","meta":{"inline_featured_image":false,"footnotes":""},"class_list":["post-21858","page","type-page","status-publish","hentry"],"jetpack_sharing_enabled":true,"_links":{"self":[{"href":"https:\/\/www.4livinghome.com\/index.php\/wp-json\/wp\/v2\/pages\/21858","targetHints":{"allow":["GET"]}}],"collection":[{"href":"https:\/\/www.4livinghome.com\/index.php\/wp-json\/wp\/v2\/pages"}],"about":[{"href":"https:\/\/www.4livinghome.com\/index.php\/wp-json\/wp\/v2\/types\/page"}],"author":[{"embeddable":true,"href":"https:\/\/www.4livinghome.com\/index.php\/wp-json\/wp\/v2\/users\/1"}],"replies":[{"embeddable":true,"href":"https:\/\/www.4livinghome.com\/index.php\/wp-json\/wp\/v2\/comments?post=21858"}],"version-history":[{"count":112,"href":"https:\/\/www.4livinghome.com\/index.php\/wp-json\/wp\/v2\/pages\/21858\/revisions"}],"predecessor-version":[{"id":24216,"href":"https:\/\/www.4livinghome.com\/index.php\/wp-json\/wp\/v2\/pages\/21858\/revisions\/24216"}],"wp:attachment":[{"href":"https:\/\/www.4livinghome.com\/index.php\/wp-json\/wp\/v2\/media?parent=21858"}],"curies":[{"name":"wp","href":"https:\/\/api.w.org\/{rel}","templated":true}]}}