{"id":2675,"date":"2023-03-09T08:14:50","date_gmt":"2023-03-09T08:14:50","guid":{"rendered":"http:\/\/source.wpopal.com\/hnice\/?page_id=2675"},"modified":"2026-02-23T07:20:13","modified_gmt":"2026-02-23T07:20:13","slug":"o-nas","status":"publish","type":"page","link":"https:\/\/www.4livinghome.com\/index.php\/o-nas\/","title":{"rendered":"Nasza misja"},"content":{"rendered":"\t\t<div data-elementor-type=\"wp-page\" data-elementor-id=\"2675\" class=\"elementor elementor-2675\">\n\t\t\t\t<div class=\"elementor-element elementor-element-e5a2aa2 e-flex e-con-boxed e-con e-parent\" data-id=\"e5a2aa2\" data-element_type=\"container\" data-e-type=\"container\">\n\t\t\t\t\t<div class=\"e-con-inner\">\n\t\t\t\t<div class=\"elementor-element elementor-element-47bb52d subtitle-position-above elementor-align-center elementor-widget elementor-widget-hnice-heading\" data-id=\"47bb52d\" data-element_type=\"widget\" data-e-type=\"widget\" data-widget_type=\"hnice-heading.default\">\n\t\t\t\t<div class=\"elementor-widget-container\">\n\t\t\t\t\t<div class=\"elementor-heading-wrapper-inner\"><h2 class=\"elementor-heading-title elementor-size-default\">70 lat polskiej tradycji stolarskiej\u200b<\/h2><div class=\"elementor-sub-title\">LIVINGHOME <\/div><\/div>\t\t\t\t<\/div>\n\t\t\t\t<\/div>\n\t\t\t\t\t<\/div>\n\t\t\t\t<\/div>\n\t\t<div class=\"elementor-element elementor-element-1c237f4 e-con-full e-flex e-con e-parent\" data-id=\"1c237f4\" data-element_type=\"container\" data-e-type=\"container\">\n\t\t<div class=\"elementor-element elementor-element-a2fc0ba e-con-full e-flex e-con e-child\" data-id=\"a2fc0ba\" data-element_type=\"container\" data-e-type=\"container\">\n\t\t\t\t<div class=\"elementor-element elementor-element-91255fc elementor-widget elementor-widget-text-editor\" data-id=\"91255fc\" data-element_type=\"widget\" data-e-type=\"widget\" data-widget_type=\"text-editor.default\">\n\t\t\t\t<div class=\"elementor-widget-container\">\n\t\t\t\t\t\t\t\t\t<h5><strong style=\"font-size: 1.41578em;\">Nasza historia \u2013 tradycja i nowoczesno\u015b\u0107 w jednym miejscu<\/strong><\/h5><div class=\"elementor-widget-container\"><p>LIVINGHOME to polska fabryka mebli, kt\u00f3rej korzenie si\u0119gaj\u0105 1957 roku. To w\u0142a\u015bnie wtedy Micha\u0142 Maliszewski, dziadek obecnego CEO Jacka Patykowskiego, postawi\u0142 pierwsze kroki w \u015bwiecie rzemios\u0142a meblowego. Jego niewielki warsztat, w kt\u00f3rym pracowa\u0142o zaledwie kilku rzemie\u015blnik\u00f3w, szybko nabra\u0142 rozp\u0119du, staj\u0105c si\u0119 miejscem, gdzie powstawa\u0142y solidne, r\u0119cznie wykonane meble z litego drewna.<\/p><p>Dzi\u0119ki pasji i determinacji za\u0142o\u017cyciela, zak\u0142ad w kr\u00f3tkim czasie dynamicznie si\u0119 rozwija\u0142 \u2013 zwi\u0119ksza\u0142 powierzchni\u0119, zatrudnia\u0142 nowych pracownik\u00f3w i rozszerza\u0142 asortyment. Opr\u00f3cz mebli z litego drewna Micha\u0142 Maliszewski rozpocz\u0105\u0142 tak\u017ce produkcj\u0119 stolarki okiennej, a z czasem, odpowiadaj\u0105c na potrzeby lokalnej spo\u0142eczno\u015bci, wytwarza\u0142 r\u00f3wnie\u017c trumny. Jego wszechstronno\u015b\u0107 i rzemie\u015blnicza precyzja sprawi\u0142y, \u017ce zak\u0142ad zyska\u0142 uznanie i sta\u0142 si\u0119 wa\u017cnym punktem na mapie polskiego rzemios\u0142a.<\/p><h4><strong>Nowy rozdzia\u0142 \u2013 nowoczesno\u015b\u0107 oparta na solidnych fundamentach<\/strong><\/h4><p>Dzi\u015b tradycja ta jest kontynuowana przez wnuka za\u0142o\u017cyciela, Jacka Patykowskiego, kt\u00f3ry tchn\u0105\u0142 w LIVINGHOME now\u0105 energi\u0119, nadaj\u0105c przedsi\u0119biorstwu nowoczesny charakter i wyznaczaj\u0105c ambitne kierunki rozwoju. Dzi\u0119ki temu firma nie tylko podtrzymuje rzemie\u015blnicze warto\u015bci, ale r\u00f3wnie\u017c wykorzystuje najnowsze technologie, aby sprosta\u0107 wymaganiom wsp\u00f3\u0142czesnego rynku.<\/p><p>W 2024 roku zako\u0144czyli\u015bmy budow\u0119 nowoczesnej fabryki mebli w Cie\u015blach pod Wroc\u0142awiem, zlokalizowanej bezpo\u015brednio przy drodze ekspresowej nr 8 (Wroc\u0142aw-Warszawa). To w\u0142a\u015bnie tutaj bije serce naszej firmy \u2013 nowoczesny zak\u0142ad produkcyjny, wyposa\u017cony w innowacyjne linie technologiczne, kt\u00f3re pozwalaj\u0105 na seryjn\u0105 produkcj\u0119 mebli skrzyniowych.<\/p><h4><strong>Siedziba, kt\u00f3ra \u0142\u0105czy tradycj\u0119 z przysz\u0142o\u015bci\u0105<\/strong><\/h4><p>Nowa fabryka LIVINGHOME to nie tylko przestrze\u0144 produkcyjna \u2013 to r\u00f3wnie\u017c reprezentacyjny biurowiec, z kt\u00f3rego zarz\u0105dzana jest ca\u0142a sp\u00f3\u0142ka. Budynek powsta\u0142 zgodnie z najwy\u017cszymi standardami, a jego imponuj\u0105ca bry\u0142a sta\u0142a si\u0119 wizyt\u00f3wk\u0105 powiatu ole\u015bnickiego. W jego wn\u0119trzu dzia\u0142a r\u00f3wnie\u017c nasz dynamicznie rozwijaj\u0105cy si\u0119 dzia\u0142 e-commerce, kt\u00f3ry odpowiada za sprzeda\u017c internetow\u0105 i kontakt z klientami na ca\u0142ym \u015bwiecie.<\/p><h4><strong>Dziedzictwo, kt\u00f3re inspiruje<\/strong><\/h4><p>W showroomie LIVINGHOME znajduje si\u0119 niezwyk\u0142y eksponat \u2013 pierwszy st\u00f3\u0142 roboczy z drewnianym imad\u0142em, na kt\u00f3rym w 1957 roku Micha\u0142 Maliszewski tworzy\u0142 swoje pierwsze meble. To symbol naszej historii i ho\u0142d dla tradycji, z kt\u00f3rej wyrastamy. Ka\u017cdego dnia czerpiemy z tych korzeni, \u0142\u0105cz\u0105c je z nowoczesnym podej\u015bciem do projektowania i produkcji mebli.<\/p><p>LIVINGHOME \u2013 prawie 70 lat historii, pasji i stolarskiego kunsztu.<\/p><p>Zapraszamy do poznania naszej oferty i wsp\u00f3lnego tworzenia wyj\u0105tkowych wn\u0119trz!<\/p><\/div>\t\t\t\t\t\t\t\t<\/div>\n\t\t\t\t<\/div>\n\t\t\t\t<\/div>\n\t\t<div class=\"elementor-element elementor-element-d3cbb97 e-con-full e-flex e-con e-child\" data-id=\"d3cbb97\" data-element_type=\"container\" data-e-type=\"container\" data-settings=\"{&quot;background_background&quot;:&quot;classic&quot;}\">\n\t\t\t\t<\/div>\n\t\t\t\t<\/div>\n\t\t\t\t<\/div>\n\t\t","protected":false},"excerpt":{"rendered":"<p>70 lat polskiej tradycji stolarskiej\u200b LIVINGHOME Nasza historia \u2013 tradycja i nowoczesno\u015b\u0107 w jednym miejscu LIVINGHOME to polska fabryka mebli, kt\u00f3rej korzenie si\u0119gaj\u0105 1957 roku. To w\u0142a\u015bnie wtedy Micha\u0142 Maliszewski, dziadek obecnego CEO Jacka Patykowskiego, postawi\u0142 pierwsze kroki w \u015bwiecie rzemios\u0142a meblowego. Jego niewielki warsztat, w kt\u00f3rym pracowa\u0142o zaledwie kilku rzemie\u015blnik\u00f3w, szybko nabra\u0142 rozp\u0119du, staj\u0105c [&hellip;]<\/p>\n","protected":false},"author":1,"featured_media":0,"parent":0,"menu_order":0,"comment_status":"closed","ping_status":"closed","template":"","meta":{"inline_featured_image":false,"footnotes":""},"class_list":["post-2675","page","type-page","status-publish","hentry"],"jetpack_sharing_enabled":true,"_links":{"self":[{"href":"https:\/\/www.4livinghome.com\/index.php\/wp-json\/wp\/v2\/pages\/2675","targetHints":{"allow":["GET"]}}],"collection":[{"href":"https:\/\/www.4livinghome.com\/index.php\/wp-json\/wp\/v2\/pages"}],"about":[{"href":"https:\/\/www.4livinghome.com\/index.php\/wp-json\/wp\/v2\/types\/page"}],"author":[{"embeddable":true,"href":"https:\/\/www.4livinghome.com\/index.php\/wp-json\/wp\/v2\/users\/1"}],"replies":[{"embeddable":true,"href":"https:\/\/www.4livinghome.com\/index.php\/wp-json\/wp\/v2\/comments?post=2675"}],"version-history":[{"count":194,"href":"https:\/\/www.4livinghome.com\/index.php\/wp-json\/wp\/v2\/pages\/2675\/revisions"}],"predecessor-version":[{"id":24141,"href":"https:\/\/www.4livinghome.com\/index.php\/wp-json\/wp\/v2\/pages\/2675\/revisions\/24141"}],"wp:attachment":[{"href":"https:\/\/www.4livinghome.com\/index.php\/wp-json\/wp\/v2\/media?parent=2675"}],"curies":[{"name":"wp","href":"https:\/\/api.w.org\/{rel}","templated":true}]}}