{"id":21631,"date":"2025-03-15T21:42:59","date_gmt":"2025-03-15T21:42:59","guid":{"rendered":"https:\/\/www.4livinghome.com\/?post_type=product&#038;p=21631"},"modified":"2026-03-16T08:24:02","modified_gmt":"2026-03-16T08:24:02","slug":"polka-wiszaca-tokyo","status":"publish","type":"product","link":"https:\/\/www.4livinghome.com\/index.php\/product\/polka-wiszaca-tokyo\/","title":{"rendered":"P\u00f3\u0142ka wisz\u0105ca Tokyo"},"content":{"rendered":"<p data-start=\"34\" data-end=\"349\">Subtelna, geometryczna forma sprawia, \u017ce p\u00f3\u0142ka Tokyo wprowadza do wn\u0119trza harmoni\u0119 i lekko\u015b\u0107 charakterystyczn\u0105 dla stylu japandi. Naturalny dekor drewna ociepla aran\u017cacj\u0119, a boczne przegr\u00f3dki w odcieniu kaszmiru tworz\u0105 elegancki kontrast i pozwalaj\u0105 estetycznie wyeksponowa\u0107 ksi\u0105\u017cki, dekoracje lub drobne akcesoria. Smuk\u0142a konstrukcja sprawia, \u017ce p\u00f3\u0142ka doskonale odnajduje si\u0119 w r\u00f3\u017cnych przestrzeniach \u2013 nad biurkiem, komod\u0105 czy w przedpokoju. Mo\u017ce funkcjonowa\u0107 jako samodzielny element dekoracyjny lub stanowi\u0107 sp\u00f3jne uzupe\u0142nienie pozosta\u0142ych modu\u0142\u00f3w kolekcji Tokyo, buduj\u0105c uporz\u0105dkowan\u0105 i harmonijn\u0105 przestrze\u0144.<\/p>\n<p data-start=\"141\" data-end=\"392\">Tworzona w Polsce, z dba\u0142o\u015bci\u0105 o detal i jako\u015b\u0107. To \u015bwiadomy wyb\u00f3r designu, kt\u00f3ry nie podlega chwilowym trendom.<\/p>\n<p data-start=\"761\" data-end=\"840\">P\u00f3\u0142ka dostarczana jest w ca\u0142o\u015bci \u2013 gotowa do ustawienia od razu po wniesieniu.<\/p>\n<hr data-start=\"842\" data-end=\"845\" \/>\n<h4 data-start=\"847\" data-end=\"859\">Wymiary:<\/h4>\n<p data-start=\"862\" data-end=\"880\">Szeroko\u015b\u0107: 120 cm<br \/>\nG\u0142\u0119boko\u015b\u0107: 20 cm<br \/>\nWysoko\u015b\u0107: 20 cm *<\/p>\n<hr data-start=\"1013\" data-end=\"1016\" \/>\n<h4 data-start=\"1018\" data-end=\"1032\">Materia\u0142y:<\/h4>\n<p data-start=\"1035\" data-end=\"1072\">Korpus i fronty: p\u0142yta laminowana o grubo\u015bci 18 mm (D\u0105b S\u0142awonia + Kaszmir **)<br \/>\nObrze\u017ce PCV<\/p>\n<hr data-start=\"1125\" data-end=\"1128\" \/>\n<h4 data-start=\"1261\" data-end=\"1327\">Informacje:<\/h4>\n<p data-start=\"1208\" data-end=\"1254\">Produkt dost\u0119pny wy\u0142\u0105cznie w prezentowanej konfiguracji<br \/>\nProdukt mocowany do \u015bciany<br data-start=\"947\" data-end=\"950\" \/>Darmowa dostawa do pierwszych drzwi (bez wniesienia)<br data-start=\"947\" data-end=\"950\" \/>Gwarancja: 24 miesi\u0105ce<\/p>\n<hr data-start=\"1256\" data-end=\"1259\" \/>\n<p data-start=\"1261\" data-end=\"1327\">* Mo\u017cliwa r\u00f3\u017cnica \u00b12 cm<br data-start=\"947\" data-end=\"950\" \/>** Kolor mo\u017ce si\u0119 r\u00f3\u017cni\u0107 w zale\u017cno\u015bci od ustawie\u0144 monitora<\/p>\n<hr data-start=\"1256\" data-end=\"1259\" \/>\n<h4 data-start=\"1261\" data-end=\"1327\">Masz pytania? Skontaktuj si\u0119 z nami.<\/h4>\n","protected":false},"excerpt":{"rendered":"<p>P\u00f3\u0142ka wisz\u0105ca Tokyo \u2013 nowoczesny design i funkcjonalno\u015b\u0107 w Twoim wn\u0119trzu.<\/p>\n","protected":false},"featured_media":21632,"template":"","meta":{"inline_featured_image":false},"wpc-collection":[],"product_cat":[84,93,80,79,82],"product_tag":[220,219,224,315,278,267,253,268,201,257,206,406,405,125,123,108,205,203,120,127,367],"class_list":{"0":"post-21631","1":"product","2":"type-product","3":"status-publish","4":"has-post-thumbnail","6":"product_brand-tokyo","7":"product_cat-gabinet","8":"product_cat-polki","9":"product_cat-przedpokoj","10":"product_cat-salon","11":"product_cat-sypialnia","12":"product_tag-biuro","13":"product_tag-gabinet","14":"product_tag-jadalnia","15":"product_tag-meble-do-biura","16":"product_tag-meble-do-gabinetu","17":"product_tag-meble-do-garderoby","18":"product_tag-meble-do-jadalni","19":"product_tag-meble-do-przedpokoju","20":"product_tag-meble-do-salonu","21":"product_tag-meble-do-sypialni","22":"product_tag-meble-scienne","23":"product_tag-polka-tokyo","24":"product_tag-polka-wiszaca-tokyo","25":"product_tag-polki","26":"product_tag-przedpokoj","27":"product_tag-regal","28":"product_tag-regal-na-sciane","29":"product_tag-regal-wiszacy","30":"product_tag-salon","31":"product_tag-sypialnia","32":"product_tag-tokyo","33":"product_shipping_class-wysylka-w-7-dni","35":"first","36":"instock","37":"taxable","38":"shipping-taxable","39":"purchasable","40":"product-type-simple"},"jetpack_sharing_enabled":true,"_links":{"self":[{"href":"https:\/\/www.4livinghome.com\/index.php\/wp-json\/wp\/v2\/product\/21631","targetHints":{"allow":["GET"]}}],"collection":[{"href":"https:\/\/www.4livinghome.com\/index.php\/wp-json\/wp\/v2\/product"}],"about":[{"href":"https:\/\/www.4livinghome.com\/index.php\/wp-json\/wp\/v2\/types\/product"}],"version-history":[{"count":6,"href":"https:\/\/www.4livinghome.com\/index.php\/wp-json\/wp\/v2\/product\/21631\/revisions"}],"predecessor-version":[{"id":24733,"href":"https:\/\/www.4livinghome.com\/index.php\/wp-json\/wp\/v2\/product\/21631\/revisions\/24733"}],"wp:featuredmedia":[{"embeddable":true,"href":"https:\/\/www.4livinghome.com\/index.php\/wp-json\/wp\/v2\/media\/21632"}],"wp:attachment":[{"href":"https:\/\/www.4livinghome.com\/index.php\/wp-json\/wp\/v2\/media?parent=21631"}],"wp:term":[{"taxonomy":"wpc-collection","embeddable":true,"href":"https:\/\/www.4livinghome.com\/index.php\/wp-json\/wp\/v2\/wpc-collection?post=21631"},{"taxonomy":"product_cat","embeddable":true,"href":"https:\/\/www.4livinghome.com\/index.php\/wp-json\/wp\/v2\/product_cat?post=21631"},{"taxonomy":"product_tag","embeddable":true,"href":"https:\/\/www.4livinghome.com\/index.php\/wp-json\/wp\/v2\/product_tag?post=21631"}],"curies":[{"name":"wp","href":"https:\/\/api.w.org\/{rel}","templated":true}]}}