{"id":21734,"date":"2025-03-16T18:34:00","date_gmt":"2025-03-16T18:34:00","guid":{"rendered":"https:\/\/www.4livinghome.com\/?post_type=product&#038;p=21734"},"modified":"2026-03-16T19:30:36","modified_gmt":"2026-03-16T19:30:36","slug":"pufa-soft-round","status":"publish","type":"product","link":"https:\/\/www.4livinghome.com\/index.php\/product\/pufa-soft-round\/","title":{"rendered":"Pufa Soft Round"},"content":{"rendered":"<p data-start=\"111\" data-end=\"420\">Pufa Soft Round to minimalistyczny, elegancki dodatek, kt\u00f3ry wprowadza do wn\u0119trza komfort i funkcjonalno\u015b\u0107. Jej prosta, cylindryczna forma sprawia, \u017ce mebel doskonale odnajduje si\u0119 w r\u00f3\u017cnych aran\u017cacjach \u2013 od nowoczesnych i skandynawskich po bardziej mi\u0119kkie, organiczne wn\u0119trza inspirowane stylem japandi. Mi\u0119kkie wype\u0142nienie zapewnia wygod\u0119 podczas siedzenia, a stabilna konstrukcja pozwala wykorzysta\u0107 puf\u0119 tak\u017ce jako podn\u00f3\u017cek lub praktyczne, dodatkowe siedzisko. Tapicerka o przyjemnej w dotyku strukturze nadaje meblowi subtelnej elegancji, a neutralny, ciep\u0142y odcie\u0144 be\u017cu sprawia, \u017ce \u0142atwo dopasowa\u0107 go do pozosta\u0142ych element\u00f3w wyposa\u017cenia. Dzi\u0119ki kompaktowej formie pufa \u015bwietnie sprawdzi si\u0119 w salonie, sypialni, garderobie lub przedpokoju \u2013 wsz\u0119dzie tam, gdzie potrzebny jest funkcjonalny, a jednocze\u015bnie stylowy akcent.<\/p>\n<p data-start=\"141\" data-end=\"392\">Tworzona w Polsce, z dba\u0142o\u015bci\u0105 o detal i jako\u015b\u0107. To \u015bwiadomy wyb\u00f3r designu, kt\u00f3ry nie podlega chwilowym trendom.<\/p>\n<hr data-start=\"842\" data-end=\"845\" \/>\n<h4>Wymiary ca\u0142kowite:<\/h4>\n<p data-start=\"1161\" data-end=\"1180\">Szeroko\u015b\u0107: 65 \/ 46 \/ 46 cm<br \/>\nWysoko\u015b\u0107: 35 \/ 45 \/ 55 cm<br \/>\nG\u0142\u0119boko\u015b\u0107: 65 \/ 46 \/ 46 cm *<\/p>\n<hr data-start=\"1383\" data-end=\"1386\" \/>\n<h4 data-start=\"1261\" data-end=\"1327\">Informacje:<\/h4>\n<p data-start=\"1208\" data-end=\"1254\">Produkt dost\u0119pny wy\u0142\u0105cznie w prezentowanej konfiguracji<br data-start=\"947\" data-end=\"950\" \/>Darmowa dostawa do pierwszych drzwi (bez wniesienia)<br data-start=\"947\" data-end=\"950\" \/>Gwarancja: 24 miesi\u0105ce<\/p>\n<hr data-start=\"1256\" data-end=\"1259\" \/>\n<p data-start=\"1261\" data-end=\"1327\">* Mo\u017cliwa r\u00f3\u017cnica \u00b12 cm<br data-start=\"947\" data-end=\"950\" \/>** Kolor mo\u017ce si\u0119 r\u00f3\u017cni\u0107 w zale\u017cno\u015bci od ustawie\u0144 monitora<\/p>\n<hr data-start=\"1256\" data-end=\"1259\" \/>\n<h4 data-start=\"1261\" data-end=\"1327\">Masz pytania? Skontaktuj si\u0119 z nami.<\/h4>\n","protected":false},"excerpt":{"rendered":"<p>Pufa Soft Round \u2013 minimalistyczna elegancja i komfort.<\/p>\n","protected":false},"featured_media":21733,"template":"","meta":{"inline_featured_image":false},"wpc-collection":[],"product_cat":[80,96,79,82],"product_tag":[134,268,201,257,123,138,381,120,139,382,127],"class_list":{"0":"post-21734","1":"product","2":"type-product","3":"status-publish","4":"has-post-thumbnail","6":"product_cat-przedpokoj","7":"product_cat-pufy","8":"product_cat-salon","9":"product_cat-sypialnia","10":"product_tag-komfort","11":"product_tag-meble-do-przedpokoju","12":"product_tag-meble-do-salonu","13":"product_tag-meble-do-sypialni","14":"product_tag-przedpokoj","15":"product_tag-pufa","16":"product_tag-pufa-soft-round","17":"product_tag-salon","18":"product_tag-siedzisko","19":"product_tag-soft-round","20":"product_tag-sypialnia","21":"product_shipping_class-wysylka-w-30-40-dni","23":"first","24":"instock","25":"taxable","26":"shipping-taxable","27":"purchasable","28":"product-type-variable"},"jetpack_sharing_enabled":true,"_links":{"self":[{"href":"https:\/\/www.4livinghome.com\/index.php\/wp-json\/wp\/v2\/product\/21734","targetHints":{"allow":["GET"]}}],"collection":[{"href":"https:\/\/www.4livinghome.com\/index.php\/wp-json\/wp\/v2\/product"}],"about":[{"href":"https:\/\/www.4livinghome.com\/index.php\/wp-json\/wp\/v2\/types\/product"}],"version-history":[{"count":5,"href":"https:\/\/www.4livinghome.com\/index.php\/wp-json\/wp\/v2\/product\/21734\/revisions"}],"predecessor-version":[{"id":24722,"href":"https:\/\/www.4livinghome.com\/index.php\/wp-json\/wp\/v2\/product\/21734\/revisions\/24722"}],"wp:featuredmedia":[{"embeddable":true,"href":"https:\/\/www.4livinghome.com\/index.php\/wp-json\/wp\/v2\/media\/21733"}],"wp:attachment":[{"href":"https:\/\/www.4livinghome.com\/index.php\/wp-json\/wp\/v2\/media?parent=21734"}],"wp:term":[{"taxonomy":"wpc-collection","embeddable":true,"href":"https:\/\/www.4livinghome.com\/index.php\/wp-json\/wp\/v2\/wpc-collection?post=21734"},{"taxonomy":"product_cat","embeddable":true,"href":"https:\/\/www.4livinghome.com\/index.php\/wp-json\/wp\/v2\/product_cat?post=21734"},{"taxonomy":"product_tag","embeddable":true,"href":"https:\/\/www.4livinghome.com\/index.php\/wp-json\/wp\/v2\/product_tag?post=21734"}],"curies":[{"name":"wp","href":"https:\/\/api.w.org\/{rel}","templated":true}]}}