{"id":22484,"date":"2025-03-27T10:04:02","date_gmt":"2025-03-27T10:04:02","guid":{"rendered":"https:\/\/www.4livinghome.com\/?post_type=product&#038;p=22484"},"modified":"2026-03-23T13:25:03","modified_gmt":"2026-03-23T13:25:03","slug":"konsola-sofia","status":"publish","type":"product","link":"https:\/\/www.4livinghome.com\/index.php\/product\/konsola-sofia\/","title":{"rendered":"Konsola Sofia"},"content":{"rendered":"<p data-start=\"34\" data-end=\"310\">Minimalistyczna forma i subtelne detale sprawiaj\u0105, \u017ce konsola Sofia wprowadza do wn\u0119trza lekko\u015b\u0107 i nowoczesn\u0105 elegancj\u0119. Ryflowany front nadaje bryle dekoracyjnego charakteru, jednocze\u015bnie dyskretnie maskuj\u0105c system otwierania i podkre\u015blaj\u0105c czyst\u0105, uporz\u0105dkowan\u0105 lini\u0119 mebla. Po\u0142\u0105czenie naturalnego dekoru d\u0119bu s\u0142awonia z delikatnym odcieniem pudrowego r\u00f3\u017cu tworzy harmonijn\u0105 kompozycj\u0119, kt\u00f3ra ociepla przestrze\u0144 i dodaje jej subtelnej wyrazisto\u015bci. Dzi\u0119ki wisz\u0105cej konstrukcji konsola zachowuje wizualn\u0105 lekko\u015b\u0107, idealnie sprawdzaj\u0105c si\u0119 w przedpokoju jako miejsce na klucze, drobiazgi lub dekoracje. Doskonale odnajdzie si\u0119 r\u00f3wnie\u017c w salonie czy sypialni jako designerski akcent aran\u017cacji.<\/p>\n<p data-start=\"141\" data-end=\"392\">Tworzona w Polsce, z dba\u0142o\u015bci\u0105 o detal i jako\u015b\u0107. To \u015bwiadomy wyb\u00f3r designu, kt\u00f3ry nie podlega chwilowym trendom.<\/p>\n<p data-start=\"761\" data-end=\"840\">Konsola dostarczana jest w ca\u0142o\u015bci \u2013 gotowa do ustawienia od razu po wniesieniu.<\/p>\n<hr data-start=\"842\" data-end=\"845\" \/>\n<h4 data-start=\"847\" data-end=\"859\">Wymiary:<\/h4>\n<p data-start=\"862\" data-end=\"880\">Szeroko\u015b\u0107:\u00a0 84,2 \/ 83,6 \/ 103,8 cm<br \/>\nG\u0142\u0119boko\u015b\u0107: 30\/ 30 \/ 30 cm<br \/>\nWysoko\u015b\u0107: 20 \/ 21,5 \/ 17 cm *<\/p>\n<hr data-start=\"1013\" data-end=\"1016\" \/>\n<h4 data-start=\"1018\" data-end=\"1032\">Materia\u0142y:<\/h4>\n<p data-start=\"1035\" data-end=\"1072\">P\u0142yta wi\u00f3rowa 18 mm (D\u0105b S\u0142awonia + pudrowy r\u00f3\u017c **)<\/p>\n<hr data-start=\"1125\" data-end=\"1128\" \/>\n<h4 data-start=\"1261\" data-end=\"1327\">Informacje:<\/h4>\n<p data-start=\"1208\" data-end=\"1254\">Produkt dost\u0119pny wy\u0142\u0105cznie w prezentowanej konfiguracji<br data-start=\"947\" data-end=\"950\" \/>Darmowa dostawa do pierwszych drzwi (bez wniesienia)<br data-start=\"947\" data-end=\"950\" \/>Gwarancja: 24 miesi\u0105ce<\/p>\n<hr data-start=\"1256\" data-end=\"1259\" \/>\n<p data-start=\"1261\" data-end=\"1327\">* Mo\u017cliwa r\u00f3\u017cnica \u00b12 cm<br data-start=\"947\" data-end=\"950\" \/>** Kolor mo\u017ce si\u0119 r\u00f3\u017cni\u0107 w zale\u017cno\u015bci od ustawie\u0144 monitora<\/p>\n<hr data-start=\"1256\" data-end=\"1259\" \/>\n<h4 data-start=\"1261\" data-end=\"1327\">Masz pytania? Skontaktuj si\u0119 z nami.<\/h4>\n","protected":false},"excerpt":{"rendered":"<p>Konsola Sofia \u2013 minimalizm, kt\u00f3ry m\u00f3wi wi\u0119cej ni\u017c nadmiar.<\/p>\n","protected":false},"featured_media":22492,"template":"","meta":{"inline_featured_image":false},"wpc-collection":[],"product_cat":[90,80,151,78],"product_tag":[213,219,128,132,165,164,161,304,278,267,268,201,257,163,162,126,123,369,127],"class_list":{"0":"post-22484","1":"product","2":"type-product","3":"status-publish","4":"has-post-thumbnail","6":"product_brand-sofia","7":"product_cat-konsole","8":"product_cat-przedpokoj","9":"product_cat-shipping-w-48h","10":"product_cat-48h","11":"product_tag-dab","12":"product_tag-gabinet","13":"product_tag-garderoba","14":"product_tag-konsola","15":"product_tag-konsola-do-przedpokoju","16":"product_tag-konsola-do-salonu","17":"product_tag-konsola-sofia","18":"product_tag-konsola-wiszaca","19":"product_tag-meble-do-gabinetu","20":"product_tag-meble-do-garderoby","21":"product_tag-meble-do-przedpokoju","22":"product_tag-meble-do-salonu","23":"product_tag-meble-do-sypialni","24":"product_tag-meble-z-ryflowanym-frontem","25":"product_tag-nowoczesna-konsola","26":"product_tag-przechowywanie","27":"product_tag-przedpokoj","28":"product_tag-sofia","29":"product_tag-sypialnia","30":"product_shipping_class-wysylka-w-7-dni","32":"first","33":"instock","34":"taxable","35":"shipping-taxable","36":"purchasable","37":"product-type-variable"},"jetpack_sharing_enabled":true,"_links":{"self":[{"href":"https:\/\/www.4livinghome.com\/index.php\/wp-json\/wp\/v2\/product\/22484","targetHints":{"allow":["GET"]}}],"collection":[{"href":"https:\/\/www.4livinghome.com\/index.php\/wp-json\/wp\/v2\/product"}],"about":[{"href":"https:\/\/www.4livinghome.com\/index.php\/wp-json\/wp\/v2\/types\/product"}],"version-history":[{"count":5,"href":"https:\/\/www.4livinghome.com\/index.php\/wp-json\/wp\/v2\/product\/22484\/revisions"}],"predecessor-version":[{"id":24716,"href":"https:\/\/www.4livinghome.com\/index.php\/wp-json\/wp\/v2\/product\/22484\/revisions\/24716"}],"wp:featuredmedia":[{"embeddable":true,"href":"https:\/\/www.4livinghome.com\/index.php\/wp-json\/wp\/v2\/media\/22492"}],"wp:attachment":[{"href":"https:\/\/www.4livinghome.com\/index.php\/wp-json\/wp\/v2\/media?parent=22484"}],"wp:term":[{"taxonomy":"wpc-collection","embeddable":true,"href":"https:\/\/www.4livinghome.com\/index.php\/wp-json\/wp\/v2\/wpc-collection?post=22484"},{"taxonomy":"product_cat","embeddable":true,"href":"https:\/\/www.4livinghome.com\/index.php\/wp-json\/wp\/v2\/product_cat?post=22484"},{"taxonomy":"product_tag","embeddable":true,"href":"https:\/\/www.4livinghome.com\/index.php\/wp-json\/wp\/v2\/product_tag?post=22484"}],"curies":[{"name":"wp","href":"https:\/\/api.w.org\/{rel}","templated":true}]}}