{"id":22533,"date":"2025-03-27T12:26:19","date_gmt":"2025-03-27T12:26:19","guid":{"rendered":"https:\/\/www.4livinghome.com\/?post_type=product&#038;p=22533"},"modified":"2026-03-23T13:25:47","modified_gmt":"2026-03-23T13:25:47","slug":"regal-wiszacy-sofia","status":"publish","type":"product","link":"https:\/\/www.4livinghome.com\/index.php\/product\/regal-wiszacy-sofia\/","title":{"rendered":"Rega\u0142 wisz\u0105cy Sofia"},"content":{"rendered":"<p data-start=\"38\" data-end=\"296\">Minimalistyczna forma inspirowana stylem japandi \u0142\u0105czy japo\u0144sk\u0105 prostot\u0119 z nordyck\u0105 funkcjonalno\u015bci\u0105. Otwarta konstrukcja rega\u0142u wprowadza do wn\u0119trza wizualn\u0105 lekko\u015b\u0107, pozwalaj\u0105c jednocze\u015bnie estetycznie wyeksponowa\u0107 ksi\u0105\u017cki, ceramik\u0119 czy ulubione dekoracje. Centralnym elementem projektu jest ryflowany front w subtelnym, pudrowym odcieniu, kt\u00f3ry prze\u0142amuje spokojn\u0105 bry\u0142\u0119 mebla i nadaje mu designerskiego charakteru. Naturalny dekor d\u0119bu s\u0142awonia w po\u0142\u0105czeniu z delikatnym kolorem tworzy harmonijn\u0105 kompozycj\u0119, idealnie wpisuj\u0105c\u0105 si\u0119 w nowoczesne, spokojne wn\u0119trza. Rega\u0142 doskonale sprawdzi si\u0119 w salonie, gabinecie, sypialni lub przedpokoju \u2013 wsz\u0119dzie tam, gdzie liczy si\u0119 estetyka, porz\u0105dek i ponadczasowy design.<\/p>\n<p data-start=\"141\" data-end=\"392\">Tworzony w Polsce, z dba\u0142o\u015bci\u0105 o detal i jako\u015b\u0107. To \u015bwiadomy wyb\u00f3r designu, kt\u00f3ry nie podlega chwilowym trendom.<\/p>\n<p data-start=\"761\" data-end=\"840\">Rega\u0142 dostarczany jest w ca\u0142o\u015bci \u2013 gotowy do ustawienia od razu po wniesieniu.<\/p>\n<hr data-start=\"842\" data-end=\"845\" \/>\n<h4 data-start=\"847\" data-end=\"859\">Wymiary:<\/h4>\n<p data-start=\"862\" data-end=\"880\">Szeroko\u015b\u0107: 56,3 \/ 54,2 \/ 42,2 cm<br \/>\nG\u0142\u0119boko\u015b\u0107: 30 cm<br \/>\nWysoko\u015b\u0107: 138 cm *<\/p>\n<hr data-start=\"1013\" data-end=\"1016\" \/>\n<h4 data-start=\"1018\" data-end=\"1032\">Materia\u0142y:<\/h4>\n<p data-start=\"1035\" data-end=\"1072\">P\u0142yta wi\u00f3rowa laminowana 18 mm (D\u0105b S\u0142awonia + pudrowy r\u00f3\u017c **)<br \/>\nObrze\u017ce: PCV<br \/>\nTy\u0142 mebla wykonany z p\u0142yty HDF<\/p>\n<hr data-start=\"1125\" data-end=\"1128\" \/>\n<h4 data-start=\"1261\" data-end=\"1327\">Informacje:<\/h4>\n<p data-start=\"1208\" data-end=\"1254\">Produkt dost\u0119pny wy\u0142\u0105cznie w prezentowanej konfiguracji<br data-start=\"947\" data-end=\"950\" \/>Darmowa dostawa do pierwszych drzwi (bez wniesienia)<br data-start=\"947\" data-end=\"950\" \/>Gwarancja: 24 miesi\u0105ce<\/p>\n<hr data-start=\"1256\" data-end=\"1259\" \/>\n<p data-start=\"1261\" data-end=\"1327\">* Mo\u017cliwa r\u00f3\u017cnica \u00b12 cm<br data-start=\"947\" data-end=\"950\" \/>** Kolor mo\u017ce si\u0119 r\u00f3\u017cni\u0107 w zale\u017cno\u015bci od ustawie\u0144 monitora<\/p>\n<hr data-start=\"1256\" data-end=\"1259\" \/>\n<h4 data-start=\"1261\" data-end=\"1327\">Masz pytania? Skontaktuj si\u0119 z nami.<\/h4>\n","protected":false},"excerpt":{"rendered":"<p>Rega\u0142 wisz\u0105cy Sofia \u2013 minimalistyczna forma po\u0142\u0105czona z funkcjonalno\u015bci\u0105.<\/p>\n","protected":false},"featured_media":22540,"template":"","meta":{"inline_featured_image":false},"wpc-collection":[],"product_cat":[80,87,151,78],"product_tag":[201,257,206,207,204,126,123,205,203,368,120,369,127,131],"class_list":{"0":"post-22533","1":"product","2":"type-product","3":"status-publish","4":"has-post-thumbnail","6":"product_cat-przedpokoj","7":"product_cat-regaly","8":"product_cat-shipping-w-48h","9":"product_cat-48h","10":"product_tag-meble-do-salonu","11":"product_tag-meble-do-sypialni","12":"product_tag-meble-scienne","13":"product_tag-polka-na-ksiazki","14":"product_tag-polka-scienna","15":"product_tag-przechowywanie","16":"product_tag-przedpokoj","17":"product_tag-regal-na-sciane","18":"product_tag-regal-wiszacy","19":"product_tag-regal-wiszacy-sofia","20":"product_tag-salon","21":"product_tag-sofia","22":"product_tag-sypialnia","23":"product_tag-szafka","24":"product_shipping_class-wysylka-w-7-dni","26":"first","27":"instock","28":"taxable","29":"shipping-taxable","30":"purchasable","31":"product-type-variable"},"jetpack_sharing_enabled":true,"_links":{"self":[{"href":"https:\/\/www.4livinghome.com\/index.php\/wp-json\/wp\/v2\/product\/22533","targetHints":{"allow":["GET"]}}],"collection":[{"href":"https:\/\/www.4livinghome.com\/index.php\/wp-json\/wp\/v2\/product"}],"about":[{"href":"https:\/\/www.4livinghome.com\/index.php\/wp-json\/wp\/v2\/types\/product"}],"version-history":[{"count":4,"href":"https:\/\/www.4livinghome.com\/index.php\/wp-json\/wp\/v2\/product\/22533\/revisions"}],"predecessor-version":[{"id":24714,"href":"https:\/\/www.4livinghome.com\/index.php\/wp-json\/wp\/v2\/product\/22533\/revisions\/24714"}],"wp:featuredmedia":[{"embeddable":true,"href":"https:\/\/www.4livinghome.com\/index.php\/wp-json\/wp\/v2\/media\/22540"}],"wp:attachment":[{"href":"https:\/\/www.4livinghome.com\/index.php\/wp-json\/wp\/v2\/media?parent=22533"}],"wp:term":[{"taxonomy":"wpc-collection","embeddable":true,"href":"https:\/\/www.4livinghome.com\/index.php\/wp-json\/wp\/v2\/wpc-collection?post=22533"},{"taxonomy":"product_cat","embeddable":true,"href":"https:\/\/www.4livinghome.com\/index.php\/wp-json\/wp\/v2\/product_cat?post=22533"},{"taxonomy":"product_tag","embeddable":true,"href":"https:\/\/www.4livinghome.com\/index.php\/wp-json\/wp\/v2\/product_tag?post=22533"}],"curies":[{"name":"wp","href":"https:\/\/api.w.org\/{rel}","templated":true}]}}