{"id":23582,"date":"2026-01-09T15:22:13","date_gmt":"2026-01-09T15:22:13","guid":{"rendered":"https:\/\/www.4livinghome.com\/?post_type=product&#038;p=23582"},"modified":"2026-03-16T18:31:23","modified_gmt":"2026-03-16T18:31:23","slug":"komoda-rtv-vienna-white","status":"publish","type":"product","link":"https:\/\/www.4livinghome.com\/index.php\/product\/komoda-rtv-vienna-white\/","title":{"rendered":"Komoda RTV Vienna white"},"content":{"rendered":"<p data-start=\"103\" data-end=\"139\">Minimalistyczna forma i eleganckie zestawienie materia\u0142\u00f3w sprawiaj\u0105, \u017ce szafka RTV staje si\u0119 wyrazistym elementem nowoczesnego salonu. G\u0142\u0119boki dekor d\u0119bu hawana nadaje bryle szlachetnego charakteru, a proste linie podkre\u015blaj\u0105 ponadczasow\u0105 estetyk\u0119 mebla. Najbardziej wyj\u0105tkowym elementem jest blat wykonany ze spieku kwarcowego. Jego subtelna struktura inspirowana naturalnym kamieniem wprowadza do wn\u0119trza elegancj\u0119 i poczucie luksusu, jednocze\u015bnie zapewniaj\u0105c trwa\u0142\u0105 i odporn\u0105 na u\u017cytkowanie powierzchni\u0119. Smuk\u0142a, wyd\u0142u\u017cona forma doskonale komponuje si\u0119 z nowoczesnymi telewizorami, tworz\u0105c harmonijn\u0105 i uporz\u0105dkowan\u0105 stref\u0119 multimedialn\u0105. Szafka idealnie odnajdzie si\u0119 w aran\u017cacjach modern, japandi czy soft loft, gdzie liczy si\u0119 wysoka jako\u015b\u0107 materia\u0142\u00f3w i dopracowany design.<\/p>\n<p data-start=\"141\" data-end=\"392\">Tworzona w Polsce, z dba\u0142o\u015bci\u0105 o detal i jako\u015b\u0107. To \u015bwiadomy wyb\u00f3r designu, kt\u00f3ry nie podlega chwilowym trendom.<\/p>\n<p data-start=\"761\" data-end=\"840\">Komoda dostarczana jest w ca\u0142o\u015bci \u2013 gotowa do ustawienia od razu po wniesieniu.<\/p>\n<hr data-start=\"842\" data-end=\"845\" \/>\n<h4 data-start=\"847\" data-end=\"859\">Wymiary:<\/h4>\n<p data-start=\"862\" data-end=\"880\">Szeroko\u015b\u0107: 180 cm<br \/>\nG\u0142\u0119boko\u015b\u0107: 40 cm<br \/>\nWysoko\u015b\u0107: 52 cm *<\/p>\n<hr data-start=\"1013\" data-end=\"1016\" \/>\n<h4 data-start=\"1018\" data-end=\"1032\">Materia\u0142y:<\/h4>\n<p data-start=\"1035\" data-end=\"1072\">Korpus i fronty: p\u0142yta laminowana 18 mm (D\u0105b Hawana **)<br \/>\nFolia: PVC<br \/>\nObrze\u017ca: PCV 1 mm<br \/>\nBlat wykonany ze spieku kwarcowego 3 mm<\/p>\n<hr data-start=\"1125\" data-end=\"1128\" \/>\n<h4 data-start=\"1261\" data-end=\"1327\">Informacje:<\/h4>\n<p data-start=\"1208\" data-end=\"1254\">Produkt dost\u0119pny wy\u0142\u0105cznie w prezentowanej konfiguracji<br data-start=\"947\" data-end=\"950\" \/>Darmowa dostawa do pierwszych drzwi (bez wniesienia)<br data-start=\"947\" data-end=\"950\" \/>Gwarancja: 24 miesi\u0105ce<\/p>\n<hr data-start=\"1256\" data-end=\"1259\" \/>\n<p data-start=\"1261\" data-end=\"1327\">* Mo\u017cliwa r\u00f3\u017cnica \u00b12 cm<br data-start=\"947\" data-end=\"950\" \/>** Kolor mo\u017ce si\u0119 r\u00f3\u017cni\u0107 w zale\u017cno\u015bci od ustawie\u0144 monitora<\/p>\n<hr data-start=\"1256\" data-end=\"1259\" \/>\n<h4 data-start=\"1261\" data-end=\"1327\">Masz pytania? Skontaktuj si\u0119 z nami.<\/h4>\n","protected":false},"excerpt":{"rendered":"<p>Komoda RTV Vienna \u2013 naturalna si\u0142a drewna spotykaj\u0105ca si\u0119 z mineraln\u0105 lekko\u015bci\u0105.<\/p>\n","protected":false},"featured_media":23583,"template":"","meta":{"inline_featured_image":false},"wpc-collection":[],"product_cat":[209,85,86,79],"product_tag":[213,219,224,105,122,285,273,278,253,268,201,257,123,120,127,119,284],"class_list":{"0":"post-23582","1":"product","2":"type-product","3":"status-publish","4":"has-post-thumbnail","6":"product_brand-vienna","7":"product_cat-bestseller","8":"product_cat-komody","9":"product_cat-komody-rtv","10":"product_cat-salon","11":"product_tag-dab","12":"product_tag-gabinet","13":"product_tag-jadalnia","14":"product_tag-komoda","15":"product_tag-komoda-rtv","16":"product_tag-komoda-rtv-vienna","17":"product_tag-meble-biurowe","18":"product_tag-meble-do-gabinetu","19":"product_tag-meble-do-jadalni","20":"product_tag-meble-do-przedpokoju","21":"product_tag-meble-do-salonu","22":"product_tag-meble-do-sypialni","23":"product_tag-przedpokoj","24":"product_tag-salon","25":"product_tag-sypialnia","26":"product_tag-szafka-rtv","27":"product_tag-vienna","28":"product_shipping_class-wysylka-w-14-21-dni","30":"first","31":"instock","32":"taxable","33":"shipping-taxable","34":"purchasable","35":"product-type-simple"},"jetpack_sharing_enabled":true,"_links":{"self":[{"href":"https:\/\/www.4livinghome.com\/index.php\/wp-json\/wp\/v2\/product\/23582","targetHints":{"allow":["GET"]}}],"collection":[{"href":"https:\/\/www.4livinghome.com\/index.php\/wp-json\/wp\/v2\/product"}],"about":[{"href":"https:\/\/www.4livinghome.com\/index.php\/wp-json\/wp\/v2\/types\/product"}],"version-history":[{"count":6,"href":"https:\/\/www.4livinghome.com\/index.php\/wp-json\/wp\/v2\/product\/23582\/revisions"}],"predecessor-version":[{"id":24519,"href":"https:\/\/www.4livinghome.com\/index.php\/wp-json\/wp\/v2\/product\/23582\/revisions\/24519"}],"wp:featuredmedia":[{"embeddable":true,"href":"https:\/\/www.4livinghome.com\/index.php\/wp-json\/wp\/v2\/media\/23583"}],"wp:attachment":[{"href":"https:\/\/www.4livinghome.com\/index.php\/wp-json\/wp\/v2\/media?parent=23582"}],"wp:term":[{"taxonomy":"wpc-collection","embeddable":true,"href":"https:\/\/www.4livinghome.com\/index.php\/wp-json\/wp\/v2\/wpc-collection?post=23582"},{"taxonomy":"product_cat","embeddable":true,"href":"https:\/\/www.4livinghome.com\/index.php\/wp-json\/wp\/v2\/product_cat?post=23582"},{"taxonomy":"product_tag","embeddable":true,"href":"https:\/\/www.4livinghome.com\/index.php\/wp-json\/wp\/v2\/product_tag?post=23582"}],"curies":[{"name":"wp","href":"https:\/\/api.w.org\/{rel}","templated":true}]}}