{"id":23806,"date":"2026-02-02T09:29:28","date_gmt":"2026-02-02T09:29:28","guid":{"rendered":"https:\/\/www.4livinghome.com\/?post_type=product&#038;p=23806"},"modified":"2026-03-16T18:07:51","modified_gmt":"2026-03-16T18:07:51","slug":"regal-paris","status":"publish","type":"product","link":"https:\/\/www.4livinghome.com\/index.php\/product\/regal-paris\/","title":{"rendered":"Rega\u0142 Paris"},"content":{"rendered":"<p data-pm-slice=\"1 1 []\">Rega\u0142 premium z ryflowanym wyko\u0144czeniem to elegancki, nowoczesny akcent, kt\u00f3ry podnosi estetyk\u0119 ka\u017cdej przestrzeni. Jego minimalistyczna bry\u0142a, osadzona na subtelnych z\u0142otych nogach, zachwyca lekko\u015bci\u0105 i klas\u0105, idealnie wpisuj\u0105c si\u0119 w aran\u017cacje modern, japandi, contemporary oraz soft-glam. Wn\u0119trze rega\u0142u zdobi stylowe ryflowanie, kt\u00f3re nadaje mu wyj\u0105tkowej struktury i wysmakowanego charakteru. Wbudowane o\u015bwietlenie LED subtelnie podkre\u015bla ekspozycj\u0119 dekoracji, ro\u015blin, kolekcji ksi\u0105\u017cek czy porcelany, tworz\u0105c nastrojow\u0105 atmosfer\u0119 i dodatkowe \u017ar\u00f3d\u0142o ciep\u0142ego \u015bwiat\u0142a w pomieszczeniu. Otwarta konstrukcja zapewnia pe\u0142n\u0105 funkcjonalno\u015b\u0107 i wygod\u0119 u\u017cytkowania, a jednocze\u015bnie pozwala tworzy\u0107 estetyczne, harmonijne aran\u017cacje. To mebel, kt\u00f3ry \u015bwietnie sprawdzi si\u0119 w salonie, gabinecie, jadalni czy przedpokoju, wprowadzaj\u0105c do wn\u0119trza nut\u0119 luksusu. Rega\u0142 wykonany jest z trwa\u0142ej p\u0142yty wi\u00f3rowej 18 mm, dzi\u0119ki czemu wyr\u00f3\u017cnia si\u0119 stabilno\u015bci\u0105 i odporno\u015bci\u0105 na codzienne u\u017cytkowanie. To propozycja dla os\u00f3b, kt\u00f3re ceni\u0105 pi\u0119kno detalu, jako\u015b\u0107 i ponadczasowy design.<\/p>\n<p data-start=\"141\" data-end=\"392\">Tworzony w Polsce, z dba\u0142o\u015bci\u0105 o detal i jako\u015b\u0107. To \u015bwiadomy wyb\u00f3r designu, kt\u00f3ry nie podlega chwilowym trendom.<\/p>\n<p data-start=\"761\" data-end=\"840\">Rega\u0142 dostarczany jest w ca\u0142o\u015bci \u2013 gotowy do ustawienia od razu po wniesieniu.<\/p>\n<hr data-start=\"842\" data-end=\"845\" \/>\n<h4 data-start=\"847\" data-end=\"859\">Wymiary:<\/h4>\n<p data-start=\"904\" data-end=\"921\">Szeroko\u015b\u0107: 55 cm<br data-start=\"947\" data-end=\"950\" \/>G\u0142\u0119boko\u015b\u0107: 53 cm<br data-start=\"947\" data-end=\"950\" \/>Wysoko\u015b\u0107: 184 cm *<\/p>\n<hr data-start=\"1013\" data-end=\"1016\" \/>\n<h4 data-start=\"1018\" data-end=\"1032\">Materia\u0142y:<\/h4>\n<p data-start=\"1105\" data-end=\"1123\">Korpus: p\u0142yta laminowana 18 mm (Kaszmir **)<br data-start=\"947\" data-end=\"950\" \/>Folia: PVC<br data-start=\"947\" data-end=\"950\" \/>Obrze\u017ce: PCV<br data-start=\"947\" data-end=\"950\" \/>Metalowe n\u00f3\u017cki: 17 cm<br data-start=\"947\" data-end=\"950\" \/>O\u015bwietlenie LED (4 punkty ty\u0142 p\u00f3\u0142ek)<\/p>\n<hr data-start=\"1125\" data-end=\"1128\" \/>\n<h4 data-start=\"1261\" data-end=\"1327\">Informacje:<\/h4>\n<p data-start=\"1208\" data-end=\"1254\">Produkt dost\u0119pny wy\u0142\u0105cznie w prezentowanej konfiguracji<br data-start=\"947\" data-end=\"950\" \/>Darmowa dostawa do pierwszych drzwi (bez wniesienia)<br data-start=\"947\" data-end=\"950\" \/>Gwarancja: 24 miesi\u0105ce<\/p>\n<hr data-start=\"1256\" data-end=\"1259\" \/>\n<p data-start=\"1261\" data-end=\"1327\">* Mo\u017cliwa r\u00f3\u017cnica \u00b12 cm<br data-start=\"947\" data-end=\"950\" \/>** Kolor mo\u017ce si\u0119 r\u00f3\u017cni\u0107 w zale\u017cno\u015bci od ustawie\u0144 monitora<\/p>\n<hr data-start=\"1256\" data-end=\"1259\" \/>\n<h4 data-start=\"1261\" data-end=\"1327\">Masz pytania? Skontaktuj si\u0119 z nami.<\/h4>\n","protected":false},"excerpt":{"rendered":"<p>Rega\u0142 Paris \u2013 projekt oparty na ciszy koloru i precyzji wyko\u0144czenia.<\/p>\n","protected":false},"featured_media":23835,"template":"","meta":{"inline_featured_image":false},"wpc-collection":[],"product_cat":[84,80,87,79,82],"product_tag":[220,219,128,273,278,267,253,268,201,257,265,207,204,125,123,108,205,277,131],"class_list":{"0":"post-23806","1":"product","2":"type-product","3":"status-publish","4":"has-post-thumbnail","6":"product_brand-paris","7":"product_cat-gabinet","8":"product_cat-przedpokoj","9":"product_cat-regaly","10":"product_cat-salon","11":"product_cat-sypialnia","12":"product_tag-biuro","13":"product_tag-gabinet","14":"product_tag-garderoba","15":"product_tag-meble-biurowe","16":"product_tag-meble-do-gabinetu","17":"product_tag-meble-do-garderoby","18":"product_tag-meble-do-jadalni","19":"product_tag-meble-do-przedpokoju","20":"product_tag-meble-do-salonu","21":"product_tag-meble-do-sypialni","22":"product_tag-paris","23":"product_tag-polka-na-ksiazki","24":"product_tag-polka-scienna","25":"product_tag-polki","26":"product_tag-przedpokoj","27":"product_tag-regal","28":"product_tag-regal-na-sciane","29":"product_tag-regal-paris","30":"product_tag-szafka","31":"product_shipping_class-wysylka-w-14-21-dni","33":"first","34":"instock","35":"taxable","36":"shipping-taxable","37":"purchasable","38":"product-type-simple"},"jetpack_sharing_enabled":true,"_links":{"self":[{"href":"https:\/\/www.4livinghome.com\/index.php\/wp-json\/wp\/v2\/product\/23806","targetHints":{"allow":["GET"]}}],"collection":[{"href":"https:\/\/www.4livinghome.com\/index.php\/wp-json\/wp\/v2\/product"}],"about":[{"href":"https:\/\/www.4livinghome.com\/index.php\/wp-json\/wp\/v2\/types\/product"}],"version-history":[{"count":8,"href":"https:\/\/www.4livinghome.com\/index.php\/wp-json\/wp\/v2\/product\/23806\/revisions"}],"predecessor-version":[{"id":24671,"href":"https:\/\/www.4livinghome.com\/index.php\/wp-json\/wp\/v2\/product\/23806\/revisions\/24671"}],"wp:featuredmedia":[{"embeddable":true,"href":"https:\/\/www.4livinghome.com\/index.php\/wp-json\/wp\/v2\/media\/23835"}],"wp:attachment":[{"href":"https:\/\/www.4livinghome.com\/index.php\/wp-json\/wp\/v2\/media?parent=23806"}],"wp:term":[{"taxonomy":"wpc-collection","embeddable":true,"href":"https:\/\/www.4livinghome.com\/index.php\/wp-json\/wp\/v2\/wpc-collection?post=23806"},{"taxonomy":"product_cat","embeddable":true,"href":"https:\/\/www.4livinghome.com\/index.php\/wp-json\/wp\/v2\/product_cat?post=23806"},{"taxonomy":"product_tag","embeddable":true,"href":"https:\/\/www.4livinghome.com\/index.php\/wp-json\/wp\/v2\/product_tag?post=23806"}],"curies":[{"name":"wp","href":"https:\/\/api.w.org\/{rel}","templated":true}]}}