{"id":23978,"date":"2026-02-16T06:27:18","date_gmt":"2026-02-16T06:27:18","guid":{"rendered":"https:\/\/www.4livinghome.com\/?post_type=product&#038;p=23978"},"modified":"2026-03-23T13:23:18","modified_gmt":"2026-03-23T13:23:18","slug":"komoda-seoul","status":"publish","type":"product","link":"https:\/\/www.4livinghome.com\/index.php\/product\/komoda-seoul\/","title":{"rendered":"Komoda Seoul"},"content":{"rendered":"<div class=\"flex flex-col text-sm pb-25\">\n<article class=\"text-token-text-primary w-full focus:outline-none [--shadow-height:45px] has-data-writing-block:pointer-events-none has-data-writing-block:-mt-(--shadow-height) has-data-writing-block:pt-(--shadow-height) [&amp;:has([data-writing-block])&gt;*]:pointer-events-auto scroll-mt-[calc(var(--header-height)+min(200px,max(70px,20svh)))]\" dir=\"auto\" tabindex=\"-1\" data-turn-id=\"request-68d11f7f-cafc-8320-ae47-e7ac724d9ea2-2\" data-testid=\"conversation-turn-72\" data-scroll-anchor=\"true\" data-turn=\"assistant\">\n<div class=\"text-base my-auto mx-auto pb-10 [--thread-content-margin:--spacing(4)] @w-sm\/main:[--thread-content-margin:--spacing(6)] @w-lg\/main:[--thread-content-margin:--spacing(16)] px-(--thread-content-margin)\">\n<div class=\"[--thread-content-max-width:40rem] @w-lg\/main:[--thread-content-max-width:48rem] mx-auto max-w-(--thread-content-max-width) flex-1 group\/turn-messages focus-visible:outline-hidden relative flex w-full min-w-0 flex-col agent-turn\" tabindex=\"-1\">\n<div class=\"flex max-w-full flex-col grow\">\n<div class=\"min-h-8 text-message relative flex w-full flex-col items-end gap-2 text-start break-words whitespace-normal [.text-message+&amp;]:mt-1\" dir=\"auto\" data-message-author-role=\"assistant\" data-message-id=\"ea1b3d1d-5a17-4789-9ac3-77a8917b8362\" data-message-model-slug=\"gpt-5-2\">\n<div class=\"flex w-full flex-col gap-1 empty:hidden first:pt-[1px]\">\n<div class=\"markdown prose dark:prose-invert w-full wrap-break-word dark markdown-new-styling\">\n<p>Komoda Seoul to nowoczesny minimalizm w ciep\u0142ym, naturalnym wydaniu. Prosta, architektoniczna bry\u0142a oparta na pionowych podzia\u0142ach tworzy harmonijn\u0105, uporz\u0105dkowan\u0105 form\u0119, kt\u00f3ra doskonale odnajduje si\u0119 w jasnych i spokojnych wn\u0119trzach. Dekor w kolorze d\u0119bu wnosi do przestrzeni naturalno\u015b\u0107 i subteln\u0105 elegancj\u0119, podkre\u015blaj\u0105c charakter aran\u017cacji bez jej przyt\u0142aczania. G\u0142adkie fronty bez uchwyt\u00f3w oraz system push to open wzmacniaj\u0105 minimalistyczny wygl\u0105d mebla i zapewniaj\u0105 wygod\u0119 codziennego u\u017cytkowania. Komoda sprawdzi si\u0119 w salonie jako elegancka baza pod dekoracje, w jadalni jako miejsce do przechowywania zastawy, a w sypialni jako funkcjonalny element strefy prywatnej.<\/p>\n<p>Tworzona w Polsce, z dba\u0142o\u015bci\u0105 o detal i trwa\u0142o\u015b\u0107. To \u015bwiadomy wyb\u00f3r jako\u015bci i designu, kt\u00f3ry nie podlega chwilowym trendom.<\/p>\n<p>Komoda dostarczana jest w ca\u0142o\u015bci \u2013 gotowa do ustawienia od razu po wniesieniu.<\/p>\n<hr \/>\n<h4>Wymiary:<\/h4>\n<p>Szeroko\u015b\u0107: 110 cm<br \/>\nG\u0142\u0119boko\u015b\u0107: 55 cm<br \/>\nWysoko\u015b\u0107: 73 cm *<\/p>\n<hr \/>\n<h4>Materia\u0142y:<\/h4>\n<p>Korpus i fronty: p\u0142yta laminowana 18 mm (D\u0105b S\u0142awonia **)<br \/>\nObrze\u017ca: PCV 1 mm<\/p>\n<hr \/>\n<h4 data-start=\"1261\" data-end=\"1327\">Informacje:<\/h4>\n<p data-start=\"1208\" data-end=\"1254\">Produkt dost\u0119pny wy\u0142\u0105cznie w prezentowanej konfiguracji<br data-start=\"947\" data-end=\"950\" \/>Darmowa dostawa do pierwszych drzwi (bez wniesienia)<br data-start=\"947\" data-end=\"950\" \/>Gwarancja: 24 miesi\u0105ce<\/p>\n<hr data-start=\"1256\" data-end=\"1259\" \/>\n<p data-start=\"1261\" data-end=\"1327\">* Mo\u017cliwa r\u00f3\u017cnica \u00b12 cm<br data-start=\"947\" data-end=\"950\" \/>** Kolor mo\u017ce si\u0119 r\u00f3\u017cni\u0107 w zale\u017cno\u015bci od ustawie\u0144 monitora<\/p>\n<hr data-start=\"1256\" data-end=\"1259\" \/>\n<h4 data-start=\"1261\" data-end=\"1327\">Masz pytania? Skontaktuj si\u0119 z nami.<\/h4>\n<\/div>\n<\/div>\n<\/div>\n<\/div>\n<\/div>\n<\/div>\n<\/article>\n<\/div>\n","protected":false},"excerpt":{"rendered":"<p>Komoda Seoul \u2013 spok\u00f3j formy.<\/p>\n","protected":false},"featured_media":23984,"template":"","meta":{"inline_featured_image":false},"wpc-collection":[],"product_cat":[84,85,210,80,79,82],"product_tag":[213,105,246,201,231,207,125,126,108,120,247,127,131],"class_list":{"0":"post-23978","1":"product","2":"type-product","3":"status-publish","4":"has-post-thumbnail","6":"product_brand-seoul","7":"product_cat-gabinet","8":"product_cat-komody","9":"product_cat-nowosc","10":"product_cat-przedpokoj","11":"product_cat-salon","12":"product_cat-sypialnia","13":"product_tag-dab","14":"product_tag-komoda","15":"product_tag-komoda-seoul","16":"product_tag-meble-do-salonu","17":"product_tag-pokoj-dzienny","18":"product_tag-polka-na-ksiazki","19":"product_tag-polki","20":"product_tag-przechowywanie","21":"product_tag-regal","22":"product_tag-salon","23":"product_tag-seoul","24":"product_tag-sypialnia","25":"product_tag-szafka","26":"product_shipping_class-wysylka-w-7-14-dni","28":"first","29":"instock","30":"taxable","31":"shipping-taxable","32":"purchasable","33":"product-type-simple"},"jetpack_sharing_enabled":true,"_links":{"self":[{"href":"https:\/\/www.4livinghome.com\/index.php\/wp-json\/wp\/v2\/product\/23978","targetHints":{"allow":["GET"]}}],"collection":[{"href":"https:\/\/www.4livinghome.com\/index.php\/wp-json\/wp\/v2\/product"}],"about":[{"href":"https:\/\/www.4livinghome.com\/index.php\/wp-json\/wp\/v2\/types\/product"}],"version-history":[{"count":10,"href":"https:\/\/www.4livinghome.com\/index.php\/wp-json\/wp\/v2\/product\/23978\/revisions"}],"predecessor-version":[{"id":25396,"href":"https:\/\/www.4livinghome.com\/index.php\/wp-json\/wp\/v2\/product\/23978\/revisions\/25396"}],"wp:featuredmedia":[{"embeddable":true,"href":"https:\/\/www.4livinghome.com\/index.php\/wp-json\/wp\/v2\/media\/23984"}],"wp:attachment":[{"href":"https:\/\/www.4livinghome.com\/index.php\/wp-json\/wp\/v2\/media?parent=23978"}],"wp:term":[{"taxonomy":"wpc-collection","embeddable":true,"href":"https:\/\/www.4livinghome.com\/index.php\/wp-json\/wp\/v2\/wpc-collection?post=23978"},{"taxonomy":"product_cat","embeddable":true,"href":"https:\/\/www.4livinghome.com\/index.php\/wp-json\/wp\/v2\/product_cat?post=23978"},{"taxonomy":"product_tag","embeddable":true,"href":"https:\/\/www.4livinghome.com\/index.php\/wp-json\/wp\/v2\/product_tag?post=23978"}],"curies":[{"name":"wp","href":"https:\/\/api.w.org\/{rel}","templated":true}]}}